{"id":132217,"date":"2023-09-08T10:18:27","date_gmt":"2023-09-08T08:18:27","guid":{"rendered":"https:\/\/www.bazardeluxe.it\/faqs\/"},"modified":"2023-09-08T10:18:27","modified_gmt":"2023-09-08T08:18:27","slug":"faqs","status":"publish","type":"page","link":"https:\/\/www.bazardeluxe.it\/en\/faqs\/","title":{"rendered":"FAQS"},"content":{"rendered":"<div class=\"wpb-content-wrapper\"><p>[vc_row][vc_column width=&#8221;1\/1&#8243;][vc_accordion gutter_simple=&#8221;0&#8243; uncode_shortcode_id=&#8221;768447&#8243; title=&#8221;Generali&#8221; active_tab=&#8221;0&#8243;][vc_accordion_tab gutter_size=&#8221;2&#8243; column_padding=&#8221;2&#8243; title=&#8221;Devo registrarmi per completare l&#8217;acquisto?&#8221; tab_id=&#8221;1694160628-1-92&#8243;][vc_column_text uncode_shortcode_id=&#8221;211148&#8243;]Si, baster\u00e0 inserire al momento dell&#8217;acquisto un username ed una password[\/vc_column_text][\/vc_accordion_tab][vc_accordion_tab gutter_size=&#8221;2&#8243; column_padding=&#8221;2&#8243; title=&#8221;Posso salvare i miei prodotti preferiti?&#8221; tab_id=&#8221;1694160628-2-43&#8243;][vc_column_text uncode_shortcode_id=&#8221;211455&#8243;]Si[\/vc_column_text][\/vc_accordion_tab][vc_accordion_tab gutter_size=&#8221;2&#8243; column_padding=&#8221;2&#8243; title=&#8221;Posso modificare il mio ordine prima che venga spedito?&#8221; tab_id=&#8221;1694160804378-2-9&#8243;][vc_column_text uncode_shortcode_id=&#8221;316114&#8243;]Se \u00e8 gi\u00e0 stato concluso l\u2019ordine ed il pagamento \u00e8 andato a buon fine, mandare una mail a commerciale@visconf.com per poter modificare l\u2019ordine.[\/vc_column_text][\/vc_accordion_tab][vc_accordion_tab gutter_size=&#8221;2&#8243; column_padding=&#8221;2&#8243; title=&#8221;Dove posso trovare una guida alle taglie?&#8221; tab_id=&#8221;1694160826789-3-7&#8243;][vc_column_text uncode_shortcode_id=&#8221;114397&#8243;]Nella pagina del prodotto \u00e8 presenta una guida alle taglie.[\/vc_column_text][\/vc_accordion_tab][vc_accordion_tab gutter_size=&#8221;2&#8243; column_padding=&#8221;2&#8243; title=&#8221;Come posso contattate il vostro servizio clienti?&#8221; tab_id=&#8221;1694160839366-4-9&#8243;][vc_column_text uncode_shortcode_id=&#8221;191774&#8243;]Inviare una mail a <a href=\"mailto:commerciale@visconf.com\">commerciale@visconf.com<\/a>[\/vc_column_text][\/vc_accordion_tab][vc_accordion_tab gutter_size=&#8221;2&#8243; column_padding=&#8221;2&#8243; title=&#8221;\u00c8 possibile cancellare un ordine?&#8221; tab_id=&#8221;1694160853688-5-1&#8243;][vc_column_text uncode_shortcode_id=&#8221;238911&#8243;]Se \u00e8 gi\u00e0 stato concluso l\u2019ordine ed il pagamento \u00e8 andato a buon fine, mandare una mail a <a href=\"mailto:commerciale@visconf.com\">commerciale@visconf.com<\/a> per poter modificare l\u2019ordine. Se invece il pagamento non \u00e8 stato effettuato, l\u2019ordine risulta non confermato[\/vc_column_text][\/vc_accordion_tab][\/vc_accordion][\/vc_column][\/vc_row][vc_row][vc_column width=&#8221;1\/1&#8243;][vc_accordion gutter_simple=&#8221;0&#8243; uncode_shortcode_id=&#8221;132750&#8243; title=&#8221;Pagamenti sicuri&#8221; active_tab=&#8221;0&#8243;][vc_accordion_tab gutter_size=&#8221;2&#8243; column_padding=&#8221;2&#8243; title=&#8221;Come posso pagare il mio ordine?&#8221; tab_id=&#8221;1694160628-1-92&#8243;][vc_column_text uncode_shortcode_id=&#8221;180111&#8243;]bonifico bancario, PAYPAL, carta di credito VISA, MASTERCARD[\/vc_column_text][\/vc_accordion_tab][vc_accordion_tab gutter_size=&#8221;2&#8243; column_padding=&#8221;2&#8243; title=&#8221;Cosa succede se il pagamento non viene \u00e8 accettato?&#8221; tab_id=&#8221;1694160628-2-43&#8243;][vc_column_text uncode_shortcode_id=&#8221;152433&#8243;]Inviare una mail a <a href=\"mailto:commerciale@visconf.com\">commerciale@visconf.com<\/a>[\/vc_column_text][\/vc_accordion_tab][\/vc_accordion][\/vc_column][\/vc_row][vc_row][vc_column width=&#8221;1\/1&#8243;][vc_accordion gutter_simple=&#8221;0&#8243; uncode_shortcode_id=&#8221;380695&#8243; title=&#8221;Resi e rimborsi&#8221; active_tab=&#8221;0&#8243;][vc_accordion_tab gutter_size=&#8221;2&#8243; column_padding=&#8221;2&#8243; title=&#8221;Posso restituire il mio ordine?&#8221; tab_id=&#8221;1694160628-1-92&#8243;][vc_column_text uncode_shortcode_id=&#8221;462557&#8243;]Baster\u00e0 seguire la procedura dei resi dentro il proprio account.[\/vc_column_text][\/vc_accordion_tab][vc_accordion_tab gutter_size=&#8221;2&#8243; column_padding=&#8221;2&#8243; title=&#8221;Il reso \u00e8 gratuito?&#8221; tab_id=&#8221;1694160628-2-43&#8243;][vc_column_text uncode_shortcode_id=&#8221;162057&#8243;]le spese di spedizione relative alla restituzione del bene sono a carico del cliente.[\/vc_column_text][\/vc_accordion_tab][vc_accordion_tab gutter_size=&#8221;2&#8243; column_padding=&#8221;2&#8243; title=&#8221;Cosa succede se l\u2019articolo che ho ordinato \u00e8 difettoso?&#8221; tab_id=&#8221;1694160804378-2-9&#8243;][vc_column_text uncode_shortcode_id=&#8221;138782&#8243;]Sar\u00e0 possibile effettuare il reso seguendo la procedura dentro il proprio account.[\/vc_column_text][\/vc_accordion_tab][vc_accordion_tab gutter_size=&#8221;2&#8243; column_padding=&#8221;2&#8243; title=&#8221;Cosa succede se l\u2019articolo che ricevo non \u00e8 quello che ho ordinato?&#8221; tab_id=&#8221;1694174837699-3-10&#8243;][vc_column_text uncode_shortcode_id=&#8221;137176&#8243;]Sar\u00e0 possibile richiedere un reso per poter ricevere un rimborso o un cambio capo di abbigliamento all&#8217;interno della propria area personale.[\/vc_column_text][\/vc_accordion_tab][vc_accordion_tab gutter_size=&#8221;2&#8243; column_padding=&#8221;2&#8243; title=&#8221;Posso cambiare la taglia o il colore di un prodotto acquistato?&#8221; tab_id=&#8221;1694175285030-4-3&#8243;][vc_column_text uncode_shortcode_id=&#8221;890844&#8243;]in caso di taglia o colore errato, sar\u00e0 possibile effettuare una richiesta di reso tramite la propria area personale.[\/vc_column_text][\/vc_accordion_tab][vc_accordion_tab gutter_size=&#8221;2&#8243; column_padding=&#8221;2&#8243; title=&#8221;Che tempi hanno i rimborsi?&#8221; tab_id=&#8221;1694175354449-5-2&#8243;][vc_column_text uncode_shortcode_id=&#8221;205142&#8243;]In caso di pagamento con carta di credito o bonifico bancario, il rimborso avverr\u00e0 entro una settimana dal reso tramite bonifico bancario (si prega di inviare le coordinate bancarie su cui si desidera ricevere il bonifico). Altrimenti se il pagamento \u00e8 stato effettuato con PAYPAL, il rimborso verr\u00e0 emesso con la stessa modalit\u00e0 entro 5 giorni dal ricevimento dell\u2019articolo reso[\/vc_column_text][\/vc_accordion_tab][vc_accordion_tab gutter_size=&#8221;2&#8243; column_padding=&#8221;2&#8243; title=&#8221;Posso verificare lo stato del mio reso?&#8221; tab_id=&#8221;1694175451315-6-5&#8243;][vc_column_text uncode_shortcode_id=&#8221;147792&#8243;]Si, dentro la propria area personale, sar\u00e0 possibile verificare lo stato del proprio reso.[\/vc_column_text][\/vc_accordion_tab][\/vc_accordion][\/vc_column][\/vc_row]<\/p>\n<\/div>","protected":false},"excerpt":{"rendered":"<p>[vc_row][vc_column width=&#8221;1\/1&#8243;][vc_accordion gutter_simple=&#8221;0&#8243; uncode_shortcode_id=&#8221;768447&#8243; title=&#8221;Generali&#8221; active_tab=&#8221;0&#8243;][vc_accordion_tab gutter_size=&#8221;2&#8243; column_padding=&#8221;2&#8243; title=&#8221;Devo registrarmi per completare l&#8217;acquisto?&#8221; tab_id=&#8221;1694160628-1-92&#8243;][vc_column_text uncode_shortcode_id=&#8221;211148&#8243;]Si, baster\u00e0 inserire al momento dell&#8217;acquisto [&hellip;]<\/p>\n","protected":false},"author":1,"featured_media":0,"parent":0,"menu_order":0,"comment_status":"closed","ping_status":"closed","template":"","meta":{"_acf_changed":false,"footnotes":""},"class_list":["post-132217","page","type-page","status-publish","hentry"],"acf":[],"yoast_head":"<!-- This site is optimized with the Yoast SEO plugin v27.3 - https:\/\/yoast.com\/product\/yoast-seo-wordpress\/ -->\n<title>FAQS - Bazar Deluxe<\/title>\n<meta name=\"robots\" content=\"index, follow, max-snippet:-1, max-image-preview:large, max-video-preview:-1\" \/>\n<link rel=\"canonical\" href=\"https:\/\/www.bazardeluxe.it\/en\/faqs\/\" \/>\n<meta property=\"og:locale\" content=\"en_US\" \/>\n<meta property=\"og:type\" content=\"article\" \/>\n<meta property=\"og:title\" content=\"FAQS - Bazar Deluxe\" \/>\n<meta property=\"og:description\" content=\"[vc_row][vc_column width=&#8221;1\/1&#8243;][vc_accordion gutter_simple=&#8221;0&#8243; uncode_shortcode_id=&#8221;768447&#8243; title=&#8221;Generali&#8221; active_tab=&#8221;0&#8243;][vc_accordion_tab gutter_size=&#8221;2&#8243; column_padding=&#8221;2&#8243; title=&#8221;Devo registrarmi per completare l&#8217;acquisto?&#8221; tab_id=&#8221;1694160628-1-92&#8243;][vc_column_text uncode_shortcode_id=&#8221;211148&#8243;]Si, baster\u00e0 inserire al momento dell&#8217;acquisto [&hellip;]\" \/>\n<meta property=\"og:url\" content=\"https:\/\/www.bazardeluxe.it\/en\/faqs\/\" \/>\n<meta property=\"og:site_name\" content=\"Bazar Deluxe\" \/>\n<meta property=\"article:publisher\" content=\"https:\/\/www.facebook.com\/BDLBazarDeluxe\/\" \/>\n<meta name=\"twitter:card\" content=\"summary_large_image\" \/>\n<meta name=\"twitter:label1\" content=\"Est. reading time\" \/>\n\t<meta name=\"twitter:data1\" content=\"4 minutes\" \/>\n<script type=\"application\/ld+json\" class=\"yoast-schema-graph\">{\"@context\":\"https:\\\/\\\/schema.org\",\"@graph\":[{\"@type\":\"WebPage\",\"@id\":\"https:\\\/\\\/www.bazardeluxe.it\\\/en\\\/faqs\\\/\",\"url\":\"https:\\\/\\\/www.bazardeluxe.it\\\/en\\\/faqs\\\/\",\"name\":\"FAQS - Bazar Deluxe\",\"isPartOf\":{\"@id\":\"http:\\\/\\\/www.bazardeluxe.it\\\/en\\\/#website\"},\"datePublished\":\"2023-09-08T08:18:27+00:00\",\"breadcrumb\":{\"@id\":\"https:\\\/\\\/www.bazardeluxe.it\\\/en\\\/faqs\\\/#breadcrumb\"},\"inLanguage\":\"en-US\",\"potentialAction\":[{\"@type\":\"ReadAction\",\"target\":[\"https:\\\/\\\/www.bazardeluxe.it\\\/en\\\/faqs\\\/\"]}]},{\"@type\":\"BreadcrumbList\",\"@id\":\"https:\\\/\\\/www.bazardeluxe.it\\\/en\\\/faqs\\\/#breadcrumb\",\"itemListElement\":[{\"@type\":\"ListItem\",\"position\":1,\"name\":\"Home\",\"item\":\"https:\\\/\\\/www.bazardeluxe.it\\\/en\\\/\"},{\"@type\":\"ListItem\",\"position\":2,\"name\":\"FAQS\"}]},{\"@type\":\"WebSite\",\"@id\":\"http:\\\/\\\/www.bazardeluxe.it\\\/en\\\/#website\",\"url\":\"http:\\\/\\\/www.bazardeluxe.it\\\/en\\\/\",\"name\":\"Bazar Deluxe\",\"description\":\"\",\"publisher\":{\"@id\":\"http:\\\/\\\/www.bazardeluxe.it\\\/en\\\/#organization\"},\"potentialAction\":[{\"@type\":\"SearchAction\",\"target\":{\"@type\":\"EntryPoint\",\"urlTemplate\":\"http:\\\/\\\/www.bazardeluxe.it\\\/en\\\/?s={search_term_string}\"},\"query-input\":{\"@type\":\"PropertyValueSpecification\",\"valueRequired\":true,\"valueName\":\"search_term_string\"}}],\"inLanguage\":\"en-US\"},{\"@type\":\"Organization\",\"@id\":\"http:\\\/\\\/www.bazardeluxe.it\\\/en\\\/#organization\",\"name\":\"Bazar Deluxe\",\"url\":\"http:\\\/\\\/www.bazardeluxe.it\\\/en\\\/\",\"logo\":{\"@type\":\"ImageObject\",\"inLanguage\":\"en-US\",\"@id\":\"http:\\\/\\\/www.bazardeluxe.it\\\/en\\\/#\\\/schema\\\/logo\\\/image\\\/\",\"url\":\"https:\\\/\\\/www.bazardeluxe.it\\\/wp-content\\\/uploads\\\/2023\\\/06\\\/LOGO-BAZAR-DELUXE-PNG.png\",\"contentUrl\":\"https:\\\/\\\/www.bazardeluxe.it\\\/wp-content\\\/uploads\\\/2023\\\/06\\\/LOGO-BAZAR-DELUXE-PNG.png\",\"width\":2860,\"height\":1132,\"caption\":\"Bazar Deluxe\"},\"image\":{\"@id\":\"http:\\\/\\\/www.bazardeluxe.it\\\/en\\\/#\\\/schema\\\/logo\\\/image\\\/\"},\"sameAs\":[\"https:\\\/\\\/www.facebook.com\\\/BDLBazarDeluxe\\\/\",\"https:\\\/\\\/www.instagram.com\\\/bazardeluxe__\\\/\"]}]}<\/script>\n<!-- \/ Yoast SEO plugin. -->","yoast_head_json":{"title":"FAQS - Bazar Deluxe","robots":{"index":"index","follow":"follow","max-snippet":"max-snippet:-1","max-image-preview":"max-image-preview:large","max-video-preview":"max-video-preview:-1"},"canonical":"https:\/\/www.bazardeluxe.it\/en\/faqs\/","og_locale":"en_US","og_type":"article","og_title":"FAQS - Bazar Deluxe","og_description":"[vc_row][vc_column width=&#8221;1\/1&#8243;][vc_accordion gutter_simple=&#8221;0&#8243; uncode_shortcode_id=&#8221;768447&#8243; title=&#8221;Generali&#8221; active_tab=&#8221;0&#8243;][vc_accordion_tab gutter_size=&#8221;2&#8243; column_padding=&#8221;2&#8243; title=&#8221;Devo registrarmi per completare l&#8217;acquisto?&#8221; tab_id=&#8221;1694160628-1-92&#8243;][vc_column_text uncode_shortcode_id=&#8221;211148&#8243;]Si, baster\u00e0 inserire al momento dell&#8217;acquisto [&hellip;]","og_url":"https:\/\/www.bazardeluxe.it\/en\/faqs\/","og_site_name":"Bazar Deluxe","article_publisher":"https:\/\/www.facebook.com\/BDLBazarDeluxe\/","twitter_card":"summary_large_image","twitter_misc":{"Est. reading time":"4 minutes"},"schema":{"@context":"https:\/\/schema.org","@graph":[{"@type":"WebPage","@id":"https:\/\/www.bazardeluxe.it\/en\/faqs\/","url":"https:\/\/www.bazardeluxe.it\/en\/faqs\/","name":"FAQS - Bazar Deluxe","isPartOf":{"@id":"http:\/\/www.bazardeluxe.it\/en\/#website"},"datePublished":"2023-09-08T08:18:27+00:00","breadcrumb":{"@id":"https:\/\/www.bazardeluxe.it\/en\/faqs\/#breadcrumb"},"inLanguage":"en-US","potentialAction":[{"@type":"ReadAction","target":["https:\/\/www.bazardeluxe.it\/en\/faqs\/"]}]},{"@type":"BreadcrumbList","@id":"https:\/\/www.bazardeluxe.it\/en\/faqs\/#breadcrumb","itemListElement":[{"@type":"ListItem","position":1,"name":"Home","item":"https:\/\/www.bazardeluxe.it\/en\/"},{"@type":"ListItem","position":2,"name":"FAQS"}]},{"@type":"WebSite","@id":"http:\/\/www.bazardeluxe.it\/en\/#website","url":"http:\/\/www.bazardeluxe.it\/en\/","name":"Bazar Deluxe","description":"","publisher":{"@id":"http:\/\/www.bazardeluxe.it\/en\/#organization"},"potentialAction":[{"@type":"SearchAction","target":{"@type":"EntryPoint","urlTemplate":"http:\/\/www.bazardeluxe.it\/en\/?s={search_term_string}"},"query-input":{"@type":"PropertyValueSpecification","valueRequired":true,"valueName":"search_term_string"}}],"inLanguage":"en-US"},{"@type":"Organization","@id":"http:\/\/www.bazardeluxe.it\/en\/#organization","name":"Bazar Deluxe","url":"http:\/\/www.bazardeluxe.it\/en\/","logo":{"@type":"ImageObject","inLanguage":"en-US","@id":"http:\/\/www.bazardeluxe.it\/en\/#\/schema\/logo\/image\/","url":"https:\/\/www.bazardeluxe.it\/wp-content\/uploads\/2023\/06\/LOGO-BAZAR-DELUXE-PNG.png","contentUrl":"https:\/\/www.bazardeluxe.it\/wp-content\/uploads\/2023\/06\/LOGO-BAZAR-DELUXE-PNG.png","width":2860,"height":1132,"caption":"Bazar Deluxe"},"image":{"@id":"http:\/\/www.bazardeluxe.it\/en\/#\/schema\/logo\/image\/"},"sameAs":["https:\/\/www.facebook.com\/BDLBazarDeluxe\/","https:\/\/www.instagram.com\/bazardeluxe__\/"]}]}},"_links":{"self":[{"href":"https:\/\/www.bazardeluxe.it\/en\/wp-json\/wp\/v2\/pages\/132217","targetHints":{"allow":["GET"]}}],"collection":[{"href":"https:\/\/www.bazardeluxe.it\/en\/wp-json\/wp\/v2\/pages"}],"about":[{"href":"https:\/\/www.bazardeluxe.it\/en\/wp-json\/wp\/v2\/types\/page"}],"author":[{"embeddable":true,"href":"https:\/\/www.bazardeluxe.it\/en\/wp-json\/wp\/v2\/users\/1"}],"replies":[{"embeddable":true,"href":"https:\/\/www.bazardeluxe.it\/en\/wp-json\/wp\/v2\/comments?post=132217"}],"version-history":[{"count":0,"href":"https:\/\/www.bazardeluxe.it\/en\/wp-json\/wp\/v2\/pages\/132217\/revisions"}],"wp:attachment":[{"href":"https:\/\/www.bazardeluxe.it\/en\/wp-json\/wp\/v2\/media?parent=132217"}],"curies":[{"name":"wp","href":"https:\/\/api.w.org\/{rel}","templated":true}]}}